{"id":22,"date":"2020-11-18T21:05:15","date_gmt":"2020-11-18T21:05:15","guid":{"rendered":"https:\/\/www.timemaker.cz\/?page_id=22"},"modified":"2020-11-29T23:45:06","modified_gmt":"2020-11-29T23:45:06","slug":"stahnout","status":"publish","type":"page","link":"https:\/\/www.timemaker.cz\/?page_id=22","title":{"rendered":"St\u00e1hnout"},"content":{"rendered":"\t\t<div data-elementor-type=\"wp-page\" data-elementor-id=\"22\" class=\"elementor elementor-22\" data-elementor-settings=\"[]\">\n\t\t\t\t\t\t<div class=\"elementor-inner\">\n\t\t\t\t\t\t\t<div class=\"elementor-section-wrap\">\n\t\t\t\t\t\t\t<section class=\"ob-is-breaking-bad elementor-section elementor-top-section elementor-element elementor-element-74ad760 elementor-section-boxed elementor-section-height-default elementor-section-height-default\" data-id=\"74ad760\" data-element_type=\"section\" data-settings=\"{&quot;_ob_bbad_use_it&quot;:&quot;yes&quot;,&quot;_ob_bbad_sssic_use&quot;:&quot;no&quot;,&quot;_ob_glider_is_slider&quot;:&quot;no&quot;,&quot;_ha_eqh_enable&quot;:false}\">\n\t\t\t\t\t\t<div class=\"elementor-container elementor-column-gap-default\">\n\t\t\t\t\t\t\t<div class=\"elementor-row\">\n\t\t\t\t\t<div class=\"elementor-column elementor-col-100 elementor-top-column elementor-element elementor-element-cd67140\" data-id=\"cd67140\" data-element_type=\"column\" data-settings=\"{&quot;_ob_bbad_is_stalker&quot;:&quot;no&quot;,&quot;_ob_teleporter_use&quot;:false,&quot;_ob_column_hoveranimator&quot;:&quot;no&quot;,&quot;_ob_column_has_pseudo&quot;:&quot;no&quot;}\">\n\t\t\t<div class=\"elementor-column-wrap elementor-element-populated\">\n\t\t\t\t\t\t\t<div class=\"elementor-widget-wrap\">\n\t\t\t\t\t\t<div class=\"elementor-element elementor-element-21fb4d3 ob-harakiri-inherit elementor-widget elementor-widget-heading\" data-id=\"21fb4d3\" data-element_type=\"widget\" data-settings=\"{&quot;_ob_harakiri_writing_mode&quot;:&quot;inherit&quot;,&quot;_ob_perspektive_use&quot;:&quot;no&quot;,&quot;_ob_shadough_use&quot;:&quot;no&quot;,&quot;_ob_allow_hoveranimator&quot;:&quot;no&quot;,&quot;_ob_widget_stalker_use&quot;:&quot;no&quot;}\" data-widget_type=\"heading.default\">\n\t\t\t\t<div class=\"elementor-widget-container\">\n\t\t\t<h2 class=\"elementor-heading-title elementor-size-default\">ST\u00c1HNOUT   TIMEMAKER<\/h2>\t\t<\/div>\n\t\t\t\t<\/div>\n\t\t\t\t\t\t<\/div>\n\t\t\t\t\t<\/div>\n\t\t<\/div>\n\t\t\t\t\t\t\t\t<\/div>\n\t\t\t\t\t<\/div>\n\t\t<\/section>\n\t\t\t\t<section class=\"ob-is-breaking-bad elementor-section elementor-top-section elementor-element elementor-element-7f15ca8 elementor-section-boxed elementor-section-height-default elementor-section-height-default\" data-id=\"7f15ca8\" data-element_type=\"section\" data-settings=\"{&quot;background_background&quot;:&quot;classic&quot;,&quot;_ob_bbad_use_it&quot;:&quot;yes&quot;,&quot;_ob_bbad_sssic_use&quot;:&quot;no&quot;,&quot;_ob_glider_is_slider&quot;:&quot;no&quot;,&quot;_ha_eqh_enable&quot;:false}\">\n\t\t\t\t\t\t<div class=\"elementor-container elementor-column-gap-default\">\n\t\t\t\t\t\t\t<div class=\"elementor-row\">\n\t\t\t\t\t<div class=\"elementor-column elementor-col-100 elementor-top-column elementor-element elementor-element-06f8359\" data-id=\"06f8359\" data-element_type=\"column\" data-settings=\"{&quot;_ob_bbad_is_stalker&quot;:&quot;no&quot;,&quot;_ob_teleporter_use&quot;:false,&quot;_ob_column_hoveranimator&quot;:&quot;no&quot;,&quot;_ob_column_has_pseudo&quot;:&quot;no&quot;}\">\n\t\t\t<div class=\"elementor-column-wrap elementor-element-populated\">\n\t\t\t\t\t\t\t<div class=\"elementor-widget-wrap\">\n\t\t\t\t\t\t<div class=\"elementor-element elementor-element-84b283f ob-harakiri-inherit elementor-widget elementor-widget-text-editor\" data-id=\"84b283f\" data-element_type=\"widget\" data-settings=\"{&quot;_ob_harakiri_writing_mode&quot;:&quot;inherit&quot;,&quot;_ob_perspektive_use&quot;:&quot;no&quot;,&quot;_ob_shadough_use&quot;:&quot;no&quot;,&quot;_ob_allow_hoveranimator&quot;:&quot;no&quot;,&quot;_ob_widget_stalker_use&quot;:&quot;no&quot;}\" data-widget_type=\"text-editor.default\">\n\t\t\t\t<div class=\"elementor-widget-container\">\n\t\t\t\t\t\t\t\t<div class=\"elementor-text-editor elementor-clearfix\">\n\t\t\t\t<p>\u00a0<\/p><table border=\"0\" width=\"702\" cellspacing=\"0\" cellpadding=\"0\"><tbody><tr><td><p>Pokud je\u0161t\u011b nem\u00e1te TimeMaker \u00fa\u010det, st\u00e1hn\u011bte si tento instala\u010dni program a z\u00edskate\u00a0<span style=\"color: red;\">zdarma 15 dn\u00ed demo<\/span>\u00a0verzi.<\/p><div><div><table border=\"0\" cellspacing=\"0\" cellpadding=\"0\"><tbody><tr><td><a href=\"http:\/\/old.timemaker.cz\/index.php?lang=cz&amp;action=TryOrBuy&amp;act=download&amp;files=TimemakerInstall_Czech.exe\"><strong>Klikn\u011bte zde pro sta\u017een\u00ed Demo verze TimeMakeru na 15 dn\u00ed<\/strong><\/a><\/td><\/tr><\/tbody><\/table><\/div><p>Pokud jste ji\u017e z\u00e1kazn\u00edkem TimeMakeru, st\u00e1hnete si n\u00e1sleduj\u00edc\u00ed instala\u010dn\u00ed program pro plnou verzi.<\/p><p>\u00a0<\/p><\/div><\/td><td align=\"right\" valign=\"top\" width=\"72\"><img src=\"http:\/\/old.timemaker.cz\/\/images\/_spy.gif\" \/><\/td><\/tr><\/tbody><\/table><div><div><table border=\"0\" cellspacing=\"0\" cellpadding=\"0\"><tbody><tr><td><a href=\"http:\/\/old.timemaker.cz\/index.php?lang=cz&amp;action=TryOrBuy&amp;act=download&amp;files=TimemakerInstall_Czech.exe\"><strong>\u00a0Klikn\u011bte zde pro sta\u017een\u00ed pln\u00e9 verze instala\u010dn\u00edho programu.<\/strong><\/a><\/td><\/tr><\/tbody><\/table><\/div><div align=\"center\"><h3>Systemov\u00e9 po\u017eadavky:<\/h3><div align=\"left\"><h4>Software:<\/h4><ul><li>Windows XP<\/li><li>Windows Vista<\/li><li>Windows 7<\/li><li>Windows 8\u00a0<\/li><li>Windows 10<\/li><li>IE 6 or 7<\/li><li>Linux s rozhran\u00edm Wine<p>Integrace s MS Outlook (voliteln\u00e1): MS Outlook 2002, 2003 nebo 2007 s Pop3 nebo Exchange \u00fa\u010dtem (IMAP nen\u00ed podporovan\u00fd)<\/p><\/li><\/ul><h4>Minim\u00e1ln\u00ed konfigurace:<\/h4><ul><li>500 MHz nebo rychlej\u0161\u00ed Pentium-kompatibiln\u00ed procesor.<br \/>(Doporu\u010dujeme: Pentium-kompatibiln\u00ed procesor na frekvenci 1000MHz nebo vy\u0161\u0161\u00ed)<\/li><li>256 MB pam\u011bti (Doporu\u010dujeme: 512 MB pam\u011bti nebo v\u00edce)<\/li><li>Minim\u00e1ln\u011b 60 MB voln\u00e9ho m\u00edsta na pevn\u00e9m disku<\/li><\/ul><\/div><\/div><\/div>\t\t\t\t\t<\/div>\n\t\t\t\t\t\t<\/div>\n\t\t\t\t<\/div>\n\t\t\t\t\t\t<\/div>\n\t\t\t\t\t<\/div>\n\t\t<\/div>\n\t\t\t\t\t\t\t\t<\/div>\n\t\t\t\t\t<\/div>\n\t\t<\/section>\n\t\t\t\t\t\t<\/div>\n\t\t\t\t\t\t<\/div>\n\t\t\t\t\t<\/div>\n\t\t","protected":false},"excerpt":{"rendered":"<p>ST\u00c1HNOUT TIMEMAKER \u00a0 Pokud je\u0161t\u011b nem\u00e1te TimeMaker \u00fa\u010det, st\u00e1hn\u011bte si tento instala\u010dni program a z\u00edskate\u00a0zdarma 15 dn\u00ed demo\u00a0verzi. Klikn\u011bte zde pro sta\u017een\u00ed Demo verze TimeMakeru na 15 dn\u00ed Pokud jste ji\u017e z\u00e1kazn\u00edkem TimeMakeru, st\u00e1hnete si n\u00e1sleduj\u00edc\u00ed instala\u010dn\u00ed program pro plnou verzi. \u00a0 \u00a0Klikn\u011bte zde pro sta\u017een\u00ed pln\u00e9 verze instala\u010dn\u00edho programu. Systemov\u00e9 po\u017eadavky: Software: Windows XP&hellip;<\/p>\n","protected":false},"author":1,"featured_media":0,"parent":0,"menu_order":0,"comment_status":"closed","ping_status":"closed","template":"","meta":[],"_links":{"self":[{"href":"https:\/\/www.timemaker.cz\/index.php?rest_route=\/wp\/v2\/pages\/22"}],"collection":[{"href":"https:\/\/www.timemaker.cz\/index.php?rest_route=\/wp\/v2\/pages"}],"about":[{"href":"https:\/\/www.timemaker.cz\/index.php?rest_route=\/wp\/v2\/types\/page"}],"author":[{"embeddable":true,"href":"https:\/\/www.timemaker.cz\/index.php?rest_route=\/wp\/v2\/users\/1"}],"replies":[{"embeddable":true,"href":"https:\/\/www.timemaker.cz\/index.php?rest_route=%2Fwp%2Fv2%2Fcomments&post=22"}],"version-history":[{"count":16,"href":"https:\/\/www.timemaker.cz\/index.php?rest_route=\/wp\/v2\/pages\/22\/revisions"}],"predecessor-version":[{"id":253,"href":"https:\/\/www.timemaker.cz\/index.php?rest_route=\/wp\/v2\/pages\/22\/revisions\/253"}],"wp:attachment":[{"href":"https:\/\/www.timemaker.cz\/index.php?rest_route=%2Fwp%2Fv2%2Fmedia&parent=22"}],"curies":[{"name":"wp","href":"https:\/\/api.w.org\/{rel}","templated":true}]}}